{"id":83,"date":"2023-12-14T22:05:03","date_gmt":"2023-12-14T22:05:03","guid":{"rendered":"https:\/\/comercializadoraquilin.cl\/?page_id=83"},"modified":"2025-12-17T16:29:13","modified_gmt":"2025-12-17T16:29:13","slug":"ferreteria","status":"publish","type":"page","link":"https:\/\/comercializadoraquilin.cl\/index.php\/ferreteria\/","title":{"rendered":"Ferreter\u00eda"},"content":{"rendered":"<p>[et_pb_section fb_built=\u00bb1&#8243; _builder_version=\u00bb4.23&#8243; _module_preset=\u00bbdefault\u00bb background_color=\u00bb#E02B20&#8243; global_module=\u00bb203&#8243; saved_tabs=\u00bball\u00bb global_colors_info=\u00bb{}\u00bb][et_pb_row column_structure=\u00bb3_4,1_4&#8243; _builder_version=\u00bb4.23&#8243; _module_preset=\u00bbdefault\u00bb global_colors_info=\u00bb{}\u00bb][et_pb_column type=\u00bb3_4&#8243; _builder_version=\u00bb4.23&#8243; _module_preset=\u00bbdefault\u00bb global_colors_info=\u00bb{}\u00bb][et_pb_heading title=\u00bbComercializadora Quil\u00edn\u00bb _builder_version=\u00bb4.23&#8243; _module_preset=\u00bbdefault\u00bb title_font=\u00bb|700|||||||\u00bb title_text_color=\u00bb#FFFFFF\u00bb custom_margin=\u00bb||3px|||\u00bb title_text_shadow_style=\u00bbpreset2&#8243; global_colors_info=\u00bb{}\u00bb][\/et_pb_heading][et_pb_text _builder_version=\u00bb4.23&#8243; _module_preset=\u00bbdefault\u00bb text_font=\u00bb|700|||||||\u00bb text_text_color=\u00bb#FFFFFF\u00bb header_text_color=\u00bb#FFFFFF\u00bb custom_padding=\u00bb0px|||||\u00bb text_text_shadow_style=\u00bbpreset2&#8243; header_text_shadow_style=\u00bbpreset2&#8243; global_colors_info=\u00bb{}\u00bb]<\/p>\n<h4><strong><span style=\"color: #ffffff;\">Nuesta Misi\u00f3n<\/span><\/strong><br \/><strong><span style=\"color: #ffffff;\">Entregar un servicio \u00fanico y diferenciado a nuestra comunidad Rural, ayud\u00e1ndole y mejorando su calidad de vida a trav\u00e9s de nuestros productos.<\/span><\/strong><\/h4>\n<p>[\/et_pb_text][\/et_pb_column][et_pb_column type=\u00bb1_4&#8243; _builder_version=\u00bb4.23&#8243; _module_preset=\u00bbdefault\u00bb global_colors_info=\u00bb{}\u00bb][et_pb_image src=\u00bbhttps:\/\/comercializadoraquilin.cl\/wp-content\/uploads\/2024\/01\/w.png\u00bb title_text=\u00bbw\u00bb url=\u00bbhttps:\/\/wa.me\/56954280239&#8243; align=\u00bbcenter\u00bb _builder_version=\u00bb4.23&#8243; _module_preset=\u00bbdefault\u00bb width=\u00bb56%\u00bb max_width=\u00bb76%\u00bb animation_style=\u00bbbounce\u00bb animation_duration=\u00bb1100ms\u00bb animation_delay=\u00bb50ms\u00bb animation_starting_opacity=\u00bb3%\u00bb animation_repeat=\u00bbloop\u00bb global_colors_info=\u00bb{}\u00bb][\/et_pb_image][\/et_pb_column][\/et_pb_row][\/et_pb_section][et_pb_section fb_built=\u00bb1&#8243; _builder_version=\u00bb4.23&#8243; _module_preset=\u00bbdefault\u00bb background_image=\u00bbhttps:\/\/comercializadoraquilin.cl\/wp-content\/uploads\/2023\/12\/fr1.jpg\u00bb global_colors_info=\u00bb{}\u00bb][\/et_pb_section][et_pb_section fb_built=\u00bb1&#8243; _builder_version=\u00bb4.23&#8243; _module_preset=\u00bbdefault\u00bb background_color=\u00bb#E02B20&#8243; global_colors_info=\u00bb{}\u00bb][et_pb_row _builder_version=\u00bb4.23&#8243; _module_preset=\u00bbdefault\u00bb global_colors_info=\u00bb{}\u00bb][et_pb_column type=\u00bb4_4&#8243; _builder_version=\u00bb4.23&#8243; _module_preset=\u00bbdefault\u00bb global_colors_info=\u00bb{}\u00bb][et_pb_code _builder_version=\u00bb4.23&#8243; _module_preset=\u00bbdefault\u00bb global_colors_info=\u00bb{}\u00bb]<iframe src=\"https:\/\/www.google.com\/maps\/embed?pb=!1m14!1m8!1m3!1d371.6253979621157!2d-72.46771313608416!3d-39.08918732488149!3m2!1i1024!2i768!4f13.1!3m3!1m2!1s0x9614ef2f3df4577d%3A0x821cafbb9690f6ba!2sComercializadora%20Quilin!5e1!3m2!1ses-419!2scl!4v1702568029415!5m2!1ses-419!2scl\" width=1200\" height=\"450\" style=\"border:0;\" allowfullscreen=\"\" loading=\"lazy\" referrerpolicy=\"no-referrer-when-downgrade\"><\/iframe>[\/et_pb_code][\/et_pb_column][\/et_pb_row][\/et_pb_section]<\/p>\n","protected":false},"excerpt":{"rendered":"<p>Nuesta Misi\u00f3nEntregar un servicio \u00fanico y diferenciado a nuestra comunidad Rural, ayud\u00e1ndole y mejorando su calidad de vida a trav\u00e9s de nuestros productos.<\/p>\n","protected":false},"author":1,"featured_media":0,"parent":0,"menu_order":0,"comment_status":"closed","ping_status":"closed","template":"","meta":{"_et_pb_use_builder":"on","_et_pb_old_content":"","_et_gb_content_width":"","footnotes":""},"class_list":["post-83","page","type-page","status-publish","hentry"],"_links":{"self":[{"href":"https:\/\/comercializadoraquilin.cl\/index.php\/wp-json\/wp\/v2\/pages\/83","targetHints":{"allow":["GET"]}}],"collection":[{"href":"https:\/\/comercializadoraquilin.cl\/index.php\/wp-json\/wp\/v2\/pages"}],"about":[{"href":"https:\/\/comercializadoraquilin.cl\/index.php\/wp-json\/wp\/v2\/types\/page"}],"author":[{"embeddable":true,"href":"https:\/\/comercializadoraquilin.cl\/index.php\/wp-json\/wp\/v2\/users\/1"}],"replies":[{"embeddable":true,"href":"https:\/\/comercializadoraquilin.cl\/index.php\/wp-json\/wp\/v2\/comments?post=83"}],"version-history":[{"count":10,"href":"https:\/\/comercializadoraquilin.cl\/index.php\/wp-json\/wp\/v2\/pages\/83\/revisions"}],"predecessor-version":[{"id":307,"href":"https:\/\/comercializadoraquilin.cl\/index.php\/wp-json\/wp\/v2\/pages\/83\/revisions\/307"}],"wp:attachment":[{"href":"https:\/\/comercializadoraquilin.cl\/index.php\/wp-json\/wp\/v2\/media?parent=83"}],"curies":[{"name":"wp","href":"https:\/\/api.w.org\/{rel}","templated":true}]}}