{"id":81,"date":"2023-12-14T22:04:45","date_gmt":"2023-12-14T22:04:45","guid":{"rendered":"https:\/\/comercializadoraquilin.cl\/?page_id=81"},"modified":"2025-12-22T15:00:06","modified_gmt":"2025-12-22T15:00:06","slug":"supermercado","status":"publish","type":"page","link":"https:\/\/comercializadoraquilin.cl\/index.php\/supermercado\/","title":{"rendered":"Supermercado"},"content":{"rendered":"<p>[et_pb_section fb_built=\u00bb1&#8243; _builder_version=\u00bb4.23&#8243; _module_preset=\u00bbdefault\u00bb background_color=\u00bb#E02B20&#8243; global_module=\u00bb203&#8243; saved_tabs=\u00bball\u00bb global_colors_info=\u00bb{}\u00bb][et_pb_row column_structure=\u00bb3_4,1_4&#8243; _builder_version=\u00bb4.23&#8243; _module_preset=\u00bbdefault\u00bb global_colors_info=\u00bb{}\u00bb][et_pb_column type=\u00bb3_4&#8243; _builder_version=\u00bb4.23&#8243; _module_preset=\u00bbdefault\u00bb global_colors_info=\u00bb{}\u00bb][et_pb_heading title=\u00bbComercializadora Quil\u00edn\u00bb _builder_version=\u00bb4.23&#8243; _module_preset=\u00bbdefault\u00bb title_font=\u00bb|700|||||||\u00bb title_text_color=\u00bb#FFFFFF\u00bb custom_margin=\u00bb||3px|||\u00bb title_text_shadow_style=\u00bbpreset2&#8243; global_colors_info=\u00bb{}\u00bb][\/et_pb_heading][et_pb_text _builder_version=\u00bb4.23&#8243; _module_preset=\u00bbdefault\u00bb text_font=\u00bb|700|||||||\u00bb text_text_color=\u00bb#FFFFFF\u00bb header_text_color=\u00bb#FFFFFF\u00bb custom_padding=\u00bb0px|||||\u00bb text_text_shadow_style=\u00bbpreset2&#8243; header_text_shadow_style=\u00bbpreset2&#8243; global_colors_info=\u00bb{}\u00bb]<\/p>\n<h4><strong><span style=\"color: #ffffff;\">Nuesta Misi\u00f3n<\/span><\/strong><br \/><strong><span style=\"color: #ffffff;\">Entregar un servicio \u00fanico y diferenciado a nuestra comunidad Rural, ayud\u00e1ndole y mejorando su calidad de vida a trav\u00e9s de nuestros productos.<\/span><\/strong><\/h4>\n<p>[\/et_pb_text][\/et_pb_column][et_pb_column type=\u00bb1_4&#8243; _builder_version=\u00bb4.23&#8243; _module_preset=\u00bbdefault\u00bb global_colors_info=\u00bb{}\u00bb][\/et_pb_column][\/et_pb_row][et_pb_row _builder_version=\u00bb4.23&#8243; _module_preset=\u00bbdefault\u00bb column_structure=\u00bb1_3,1_3,1_3&#8243;][et_pb_column _builder_version=\u00bb4.23&#8243; _module_preset=\u00bbdefault\u00bb type=\u00bb1_3&#8243;][et_pb_image src=\u00bbhttps:\/\/comercializadoraquilin.cl\/wp-content\/uploads\/2024\/12\/20241211_102434-scaled.jpg\u00bb _builder_version=\u00bb4.23&#8243; _module_preset=\u00bbdefault\u00bb title_text=\u00bb20241211_102434&#8243; hover_enabled=\u00bb0&#8243; sticky_enabled=\u00bb0&#8243;][\/et_pb_image][\/et_pb_column][et_pb_column _builder_version=\u00bb4.23&#8243; _module_preset=\u00bbdefault\u00bb type=\u00bb1_3&#8243;][et_pb_image src=\u00bbhttps:\/\/comercializadoraquilin.cl\/wp-content\/uploads\/2025\/12\/20251222_093000-scaled.jpg\u00bb _builder_version=\u00bb4.23&#8243; _module_preset=\u00bbdefault\u00bb title_text=\u00bb20251222_093000&#8243; hover_enabled=\u00bb0&#8243; sticky_enabled=\u00bb0&#8243;][\/et_pb_image][\/et_pb_column][et_pb_column _builder_version=\u00bb4.23&#8243; _module_preset=\u00bbdefault\u00bb type=\u00bb1_3&#8243;][et_pb_image src=\u00bbhttps:\/\/comercializadoraquilin.cl\/wp-content\/uploads\/2025\/12\/1000054214-scaled.jpg\u00bb _builder_version=\u00bb4.23&#8243; _module_preset=\u00bbdefault\u00bb hover_enabled=\u00bb0&#8243; sticky_enabled=\u00bb0&#8243; title_text=\u00bb1000054214&#8243;][\/et_pb_image][\/et_pb_column][\/et_pb_row][\/et_pb_section][et_pb_section fb_built=\u00bb1&#8243; fullwidth=\u00bbon\u00bb _builder_version=\u00bb4.23&#8243; _module_preset=\u00bbdefault\u00bb background_color=\u00bb#c5310d\u00bb global_colors_info=\u00bb{}\u00bb][et_pb_fullwidth_header title=\u00bbConoce Nuestra Panaderia\u00bb _builder_version=\u00bb4.23&#8243; _module_preset=\u00bbdefault\u00bb hover_enabled=\u00bb0&#8243; sticky_enabled=\u00bb0&#8243; custom_padding=\u00bb||50px|||\u00bb]<\/p>\n<p>En supermercado Quilin nuestro compromiso con la comunidad va mas all\u00e1 de simplemente un servicio. Queremos entregarles lo mejor de cada persona que aqui trabaja, es por eso que desde hace unos a\u00f1os incluimos nuestra panaderia, asi todos podran disfrutar de un rico desayuno con un pan de calidad con textura y sabor unico del sur de chile.<\/p>\n<p>[\/et_pb_fullwidth_header][\/et_pb_section][et_pb_section fb_built=\u00bb1&#8243; _builder_version=\u00bb4.23&#8243; _module_preset=\u00bbdefault\u00bb background_color=\u00bb#C5310D\u00bb background_image=\u00bbhttps:\/\/comercializadoraquilin.cl\/wp-content\/uploads\/2024\/10\/Historia-Instagram-Promocion-Supermercado-Moderna-Amarilla-y-Verde-2.png\u00bb global_colors_info=\u00bb{}\u00bb][et_pb_row column_structure=\u00bb1_3,1_3,1_3&#8243; _builder_version=\u00bb4.23&#8243; _module_preset=\u00bbdefault\u00bb global_colors_info=\u00bb{}\u00bb][et_pb_column type=\u00bb1_3&#8243; _builder_version=\u00bb4.23&#8243; _module_preset=\u00bbdefault\u00bb global_colors_info=\u00bb{}\u00bb][et_pb_video src_webm=\u00bbhttps:\/\/comercializadoraquilin.cl\/wp-content\/uploads\/2025\/12\/12222.mp4&#8243; _builder_version=\u00bb4.23&#8243; _module_preset=\u00bbdefault\u00bb global_colors_info=\u00bb{}\u00bb][\/et_pb_video][\/et_pb_column][et_pb_column type=\u00bb1_3&#8243; _builder_version=\u00bb4.23&#8243; _module_preset=\u00bbdefault\u00bb global_colors_info=\u00bb{}\u00bb][et_pb_video src_webm=\u00bbhttps:\/\/comercializadoraquilin.cl\/wp-content\/uploads\/2025\/12\/12221.mp4&#8243; _builder_version=\u00bb4.23&#8243; _module_preset=\u00bbdefault\u00bb custom_padding=\u00bb||1px|||\u00bb global_colors_info=\u00bb{}\u00bb][\/et_pb_video][\/et_pb_column][et_pb_column type=\u00bb1_3&#8243; _builder_version=\u00bb4.23&#8243; _module_preset=\u00bbdefault\u00bb global_colors_info=\u00bb{}\u00bb][et_pb_video src=\u00bbhttps:\/\/comercializadoraquilin.cl\/wp-content\/uploads\/2025\/12\/1222.mp4&#8243; _builder_version=\u00bb4.23&#8243; _module_preset=\u00bbdefault\u00bb global_colors_info=\u00bb{}\u00bb][\/et_pb_video][\/et_pb_column][\/et_pb_row][\/et_pb_section][et_pb_section fb_built=\u00bb1&#8243; fullwidth=\u00bbon\u00bb theme_builder_area=\u00bbpost_content\u00bb _builder_version=\u00bb4.23&#8243; _module_preset=\u00bbdefault\u00bb][et_pb_fullwidth_header title=\u00bbEventos \u00bb _builder_version=\u00bb4.23&#8243; _module_preset=\u00bbdefault\u00bb theme_builder_area=\u00bbpost_content\u00bb hover_enabled=\u00bb0&#8243; sticky_enabled=\u00bb0&#8243;]<\/p>\n<p>En Supermercado Quilin como agradecimiento hemos realizado eventos para nuestra comunidad enfocados en la union como un pilar base en nuestras vidas.<\/p>\n<p>Al igual durante dos a\u00f1os seguidos durante el mes de octubre realizamos sorteos diarios entre todas las personas que vengan a comprar sin minimo de compra.<\/p>\n<p>Agradecemos a todos quienes participan y nos ayudan a crecer cada dia.<\/p>\n<p>&nbsp;<\/p>\n<p>Supermercado Quilin<\/p>\n<p>Cada dia mas cerca de ti.<\/p>\n<p>[\/et_pb_fullwidth_header][\/et_pb_section][et_pb_section fb_built=\u00bb1&#8243; _builder_version=\u00bb4.23&#8243; _module_preset=\u00bbdefault\u00bb background_color=\u00bb#c5310d\u00bb global_colors_info=\u00bb{}\u00bb][et_pb_row column_structure=\u00bb1_5,1_5,1_5,1_5,1_5&#8243; _builder_version=\u00bb4.23&#8243; _module_preset=\u00bbdefault\u00bb global_colors_info=\u00bb{}\u00bb][et_pb_column type=\u00bb1_5&#8243; _builder_version=\u00bb4.23&#8243; _module_preset=\u00bbdefault\u00bb global_colors_info=\u00bb{}\u00bb][et_pb_image src=\u00bbhttps:\/\/comercializadoraquilin.cl\/wp-content\/uploads\/2025\/12\/88.jpg\u00bb title_text=\u00bb88&#8243; show_in_lightbox=\u00bbon\u00bb _builder_version=\u00bb4.23&#8243; _module_preset=\u00bbdefault\u00bb border_width_all=\u00bb1px\u00bb border_color_all=\u00bb#FFFFFF\u00bb global_colors_info=\u00bb{}\u00bb][\/et_pb_image][et_pb_image src=\u00bbhttps:\/\/comercializadoraquilin.cl\/wp-content\/uploads\/2025\/12\/15.jpg\u00bb title_text=\u00bb15&#8243; show_in_lightbox=\u00bbon\u00bb _builder_version=\u00bb4.23&#8243; _module_preset=\u00bbdefault\u00bb border_width_all=\u00bb1px\u00bb border_color_all=\u00bb#FFFFFF\u00bb global_colors_info=\u00bb{}\u00bb][\/et_pb_image][\/et_pb_column][et_pb_column type=\u00bb1_5&#8243; _builder_version=\u00bb4.23&#8243; _module_preset=\u00bbdefault\u00bb global_colors_info=\u00bb{}\u00bb][et_pb_image src=\u00bbhttps:\/\/comercializadoraquilin.cl\/wp-content\/uploads\/2025\/12\/1.jpg\u00bb title_text=\u00bb1&#8243; _builder_version=\u00bb4.23&#8243; _module_preset=\u00bbdefault\u00bb global_colors_info=\u00bb{}\u00bb][\/et_pb_image][et_pb_image src=\u00bbhttps:\/\/comercializadoraquilin.cl\/wp-content\/uploads\/2025\/12\/88.jpg\u00bb title_text=\u00bb88&#8243; _builder_version=\u00bb4.23&#8243; _module_preset=\u00bbdefault\u00bb global_colors_info=\u00bb{}\u00bb][\/et_pb_image][\/et_pb_column][et_pb_column type=\u00bb1_5&#8243; _builder_version=\u00bb4.23&#8243; _module_preset=\u00bbdefault\u00bb global_colors_info=\u00bb{}\u00bb][et_pb_image src=\u00bbhttps:\/\/comercializadoraquilin.cl\/wp-content\/uploads\/2025\/12\/66.jpg\u00bb title_text=\u00bb66&#8243; _builder_version=\u00bb4.23&#8243; _module_preset=\u00bbdefault\u00bb global_colors_info=\u00bb{}\u00bb][\/et_pb_image][\/et_pb_column][et_pb_column type=\u00bb1_5&#8243; _builder_version=\u00bb4.23&#8243; _module_preset=\u00bbdefault\u00bb global_colors_info=\u00bb{}\u00bb][et_pb_image src=\u00bbhttps:\/\/comercializadoraquilin.cl\/wp-content\/uploads\/2025\/12\/10.jpg\u00bb title_text=\u00bb10&#8243; _builder_version=\u00bb4.23&#8243; _module_preset=\u00bbdefault\u00bb global_colors_info=\u00bb{}\u00bb][\/et_pb_image][et_pb_image src=\u00bbhttps:\/\/comercializadoraquilin.cl\/wp-content\/uploads\/2025\/12\/26.jpg\u00bb title_text=\u00bb26&#8243; _builder_version=\u00bb4.23&#8243; _module_preset=\u00bbdefault\u00bb global_colors_info=\u00bb{}\u00bb][\/et_pb_image][\/et_pb_column][et_pb_column type=\u00bb1_5&#8243; _builder_version=\u00bb4.23&#8243; _module_preset=\u00bbdefault\u00bb global_colors_info=\u00bb{}\u00bb][et_pb_image src=\u00bbhttps:\/\/comercializadoraquilin.cl\/wp-content\/uploads\/2025\/12\/17.jpg\u00bb title_text=\u00bb17&#8243; _builder_version=\u00bb4.23&#8243; _module_preset=\u00bbdefault\u00bb global_colors_info=\u00bb{}\u00bb][\/et_pb_image][et_pb_image src=\u00bbhttps:\/\/comercializadoraquilin.cl\/wp-content\/uploads\/2025\/12\/16.jpg\u00bb title_text=\u00bb16&#8243; _builder_version=\u00bb4.23&#8243; _module_preset=\u00bbdefault\u00bb global_colors_info=\u00bb{}\u00bb][\/et_pb_image][\/et_pb_column][\/et_pb_row][et_pb_row _builder_version=\u00bb4.23&#8243; _module_preset=\u00bbdefault\u00bb global_colors_info=\u00bb{}\u00bb][et_pb_column type=\u00bb4_4&#8243; _builder_version=\u00bb4.23&#8243; _module_preset=\u00bbdefault\u00bb global_colors_info=\u00bb{}\u00bb][et_pb_code _builder_version=\u00bb4.23&#8243; _module_preset=\u00bbdefault\u00bb global_colors_info=\u00bb{}\u00bb]<iframe src=\"https:\/\/www.google.com\/maps\/embed?pb=!1m14!1m8!1m3!1d371.6253979621157!2d-72.46771313608416!3d-39.08918732488149!3m2!1i1024!2i768!4f13.1!3m3!1m2!1s0x9614ef2f3df4577d%3A0x821cafbb9690f6ba!2sComercializadora%20Quilin!5e1!3m2!1ses-419!2scl!4v1702568029415!5m2!1ses-419!2scl\" width=1200\" height=\"450\" style=\"border:0;\" allowfullscreen=\"\" loading=\"lazy\" referrerpolicy=\"no-referrer-when-downgrade\"><\/iframe>[\/et_pb_code][\/et_pb_column][\/et_pb_row][\/et_pb_section]<\/p>\n","protected":false},"excerpt":{"rendered":"<p>Nuesta Misi\u00f3nEntregar un servicio \u00fanico y diferenciado a nuestra comunidad Rural, ayud\u00e1ndole y mejorando su calidad de vida a trav\u00e9s de nuestros productos.En supermercado Quilin nuestro compromiso con la comunidad va mas all\u00e1 de simplemente un servicio. Queremos entregarles lo mejor de cada persona que aqui trabaja, es por eso que desde hace unos a\u00f1os [&hellip;]<\/p>\n","protected":false},"author":1,"featured_media":0,"parent":0,"menu_order":0,"comment_status":"closed","ping_status":"closed","template":"","meta":{"_et_pb_use_builder":"on","_et_pb_old_content":"","_et_gb_content_width":"","footnotes":""},"class_list":["post-81","page","type-page","status-publish","hentry"],"_links":{"self":[{"href":"https:\/\/comercializadoraquilin.cl\/index.php\/wp-json\/wp\/v2\/pages\/81","targetHints":{"allow":["GET"]}}],"collection":[{"href":"https:\/\/comercializadoraquilin.cl\/index.php\/wp-json\/wp\/v2\/pages"}],"about":[{"href":"https:\/\/comercializadoraquilin.cl\/index.php\/wp-json\/wp\/v2\/types\/page"}],"author":[{"embeddable":true,"href":"https:\/\/comercializadoraquilin.cl\/index.php\/wp-json\/wp\/v2\/users\/1"}],"replies":[{"embeddable":true,"href":"https:\/\/comercializadoraquilin.cl\/index.php\/wp-json\/wp\/v2\/comments?post=81"}],"version-history":[{"count":22,"href":"https:\/\/comercializadoraquilin.cl\/index.php\/wp-json\/wp\/v2\/pages\/81\/revisions"}],"predecessor-version":[{"id":351,"href":"https:\/\/comercializadoraquilin.cl\/index.php\/wp-json\/wp\/v2\/pages\/81\/revisions\/351"}],"wp:attachment":[{"href":"https:\/\/comercializadoraquilin.cl\/index.php\/wp-json\/wp\/v2\/media?parent=81"}],"curies":[{"name":"wp","href":"https:\/\/api.w.org\/{rel}","templated":true}]}}